{"id":6422,"date":"2023-07-18T10:51:21","date_gmt":"2023-07-18T08:51:21","guid":{"rendered":"http:\/\/eoihuesca.org\/?page_id=6422"},"modified":"2024-09-24T17:20:04","modified_gmt":"2024-09-24T15:20:04","slug":"proceso-y-convocatorias","status":"publish","type":"page","link":"https:\/\/eoihuesca.org\/?page_id=6422","title":{"rendered":"Proceso y convocatorias"},"content":{"rendered":"\n<h2>PROCESO DE EVALUACI\u00d3N Y CONVOCATORIAS<\/h2>\n\n\n\n<p>1. A mediados de curso se celebrar\u00e1 una prueba de evaluaci\u00f3n que tendr\u00e1 lugar entre los d\u00edas 30&nbsp; de enero y el 10 de febrero. La prueba servir\u00e1 para familiarizar al alumnado con el formato e informarle de su progreso, mediante un modelo de informe normalizado que le ser\u00e1 entregado. Esta evaluaci\u00f3n de progreso no tendr\u00e1 efecto alguno sobre la evaluaci\u00f3n final de cada curso o sobre la certificaci\u00f3n de los niveles que correspondan.&nbsp;<\/p>\n\n\n\n<p>Para la convocatoria ordinaria de se unificar\u00e1n las&nbsp; pruebas A1, B2.1 y C1.1 y se realizar\u00e1n en 2 semanas. La CCP propondr\u00e1 las fechas y el departamento organizar\u00e1 la realizaci\u00f3n de las&nbsp; mismas.<\/p>\n\n\n\n<p>Las fechas de las Pruebas de Certificaci\u00f3n de junio y septiembre ser\u00e1n determinadas por el Departamento de Educaci\u00f3n.<\/p>\n\n\n\n<p>2. El alumnado dispondr\u00e1 de dos convocatorias anuales, una ordinaria a la finalizaci\u00f3n del curso escolar y otra extraordinaria durante el mes de septiembre, para superar cada curso.<\/p>\n\n\n\n<p>3. En el caso de no superar todas las actividades de lengua en la convocatoria ordinaria, en la convocatoria extraordinaria el alumnado s\u00f3lo estar\u00e1 obligado a realizar las partes no superadas, pudiendo realizar las pruebas de partes ya superadas en el caso de las pruebas de certificaci\u00f3n de los niveles Intermedio B1, Intermedio B2, Avanzado C1 y Avanzado C2.<\/p>\n\n\n\n<p>4. El alumnado que no promocione de curso estar\u00e1 obligado a cursar y a ser evaluado de nuevo en todas las actividades de lengua.<\/p>\n\n\n\n<p>5. Las pruebas de evaluaci\u00f3n de los cursos de A1, B2.1 y C1.1 se realizar\u00e1n en las siguientes fechas marco:<\/p>\n\n\n\n<ul><li>Convocatoria de junio: desde el 15 de mayo<\/li><li>Convocatoria de septiembre: desde el 1 de septiembre hasta unos d\u00edas antes de que finalice el plazo de matr\u00edcula del alumnado con reserva de plaza, dependiendo del calendario del proceso de admisi\u00f3n.<\/li><\/ul>\n\n\n\n<p>6. Las fechas de las pruebas de certificaci\u00f3n ser\u00e1n determinadas por el Departamento de Educaci\u00f3n, a excepci\u00f3n de las del nivel A2, que ser\u00e1n fijadas por el Centro de modo que sean compatibles con las del resto de niveles.<\/p>\n\n\n\n<h2>\u00d3RGANOS DE EVALUACI\u00d3N.<\/h2>\n\n\n\n<p>1. La aplicaci\u00f3n y correcci\u00f3n de las pruebas de evaluaci\u00f3n de los cursos no conducentes a certificaci\u00f3n y de las pruebas de certificaci\u00f3n para el alumnado en r\u00e9gimen oficial de nivel B\u00e1sico correr\u00e1 a cargo del profesorado que haya impartido dichos cursos o niveles.<\/p>\n\n\n\n<p>2. La aplicaci\u00f3n y correcci\u00f3n de las pruebas de certificaci\u00f3n correspondientes a los niveles Intermedio y Avanzado, as\u00ed como las de nivel B\u00e1sico del alumnado libre, correr\u00e1 a cargo de tribunales nombrados al efecto por la direcci\u00f3n de la escuela, y se formar\u00e1n con el profesorado del departamento did\u00e1ctico. En la medida de lo posible se procurar\u00e1 que el profesorado intervenga en la evaluaci\u00f3n de su propio alumnado, siendo uno de los miembros del correspondiente tribunal.<\/p>\n","protected":false},"excerpt":{"rendered":"<p>PROCESO DE EVALUACI\u00d3N Y CONVOCATORIAS 1. A mediados de curso se celebrar\u00e1 una prueba de evaluaci\u00f3n que tendr\u00e1 lugar entre los d\u00edas 30&nbsp; de enero y el 10 de febrero. La prueba servir\u00e1 para familiarizar al alumnado con el formato e informarle de su progreso, mediante un modelo de informe normalizado que le ser\u00e1 entregado. [&hellip;]<\/p>\n","protected":false},"author":5,"featured_media":0,"parent":6419,"menu_order":1,"comment_status":"closed","ping_status":"closed","template":"","meta":[],"_links":{"self":[{"href":"https:\/\/eoihuesca.org\/index.php?rest_route=\/wp\/v2\/pages\/6422"}],"collection":[{"href":"https:\/\/eoihuesca.org\/index.php?rest_route=\/wp\/v2\/pages"}],"about":[{"href":"https:\/\/eoihuesca.org\/index.php?rest_route=\/wp\/v2\/types\/page"}],"author":[{"embeddable":true,"href":"https:\/\/eoihuesca.org\/index.php?rest_route=\/wp\/v2\/users\/5"}],"replies":[{"embeddable":true,"href":"https:\/\/eoihuesca.org\/index.php?rest_route=%2Fwp%2Fv2%2Fcomments&post=6422"}],"version-history":[{"count":5,"href":"https:\/\/eoihuesca.org\/index.php?rest_route=\/wp\/v2\/pages\/6422\/revisions"}],"predecessor-version":[{"id":6957,"href":"https:\/\/eoihuesca.org\/index.php?rest_route=\/wp\/v2\/pages\/6422\/revisions\/6957"}],"up":[{"embeddable":true,"href":"https:\/\/eoihuesca.org\/index.php?rest_route=\/wp\/v2\/pages\/6419"}],"wp:attachment":[{"href":"https:\/\/eoihuesca.org\/index.php?rest_route=%2Fwp%2Fv2%2Fmedia&parent=6422"}],"curies":[{"name":"wp","href":"https:\/\/api.w.org\/{rel}","templated":true}]}}