{"id":6419,"date":"2023-07-18T10:35:17","date_gmt":"2023-07-18T08:35:17","guid":{"rendered":"http:\/\/eoihuesca.org\/?page_id=6419"},"modified":"2023-07-18T11:49:33","modified_gmt":"2023-07-18T09:49:33","slug":"sistema-y-criterios","status":"publish","type":"page","link":"https:\/\/eoihuesca.org\/?page_id=6419","title":{"rendered":"Sistema y Criterios"},"content":{"rendered":"\n<ul><li><a href=\"https:\/\/eoihuesca.org\/?page_id=6422\">Proceso y convocatorias<\/a><\/li><li><a href=\"https:\/\/eoihuesca.org\/?page_id=6424\">Certificaci\u00f3n del nivel<\/a><\/li><li><a href=\"https:\/\/eoihuesca.org\/?page_id=6426\">Cursos no conducentes a certificaci\u00f3n<\/a><\/li><li><a href=\"https:\/\/eoihuesca.org\/?page_id=6428\">Criterios de calificaci\u00f3n<\/a><\/li><li><a href=\"https:\/\/eoihuesca.org\/?page_id=6430\">Normativa y curr\u00edculos<\/a><\/li><\/ul>\n","protected":false},"excerpt":{"rendered":"<p>Proceso y convocatorias Certificaci\u00f3n del nivel Cursos no conducentes a certificaci\u00f3n Criterios de calificaci\u00f3n Normativa y curr\u00edculos<\/p>\n","protected":false},"author":5,"featured_media":0,"parent":6408,"menu_order":1,"comment_status":"closed","ping_status":"closed","template":"","meta":[],"_links":{"self":[{"href":"https:\/\/eoihuesca.org\/index.php?rest_route=\/wp\/v2\/pages\/6419"}],"collection":[{"href":"https:\/\/eoihuesca.org\/index.php?rest_route=\/wp\/v2\/pages"}],"about":[{"href":"https:\/\/eoihuesca.org\/index.php?rest_route=\/wp\/v2\/types\/page"}],"author":[{"embeddable":true,"href":"https:\/\/eoihuesca.org\/index.php?rest_route=\/wp\/v2\/users\/5"}],"replies":[{"embeddable":true,"href":"https:\/\/eoihuesca.org\/index.php?rest_route=%2Fwp%2Fv2%2Fcomments&post=6419"}],"version-history":[{"count":3,"href":"https:\/\/eoihuesca.org\/index.php?rest_route=\/wp\/v2\/pages\/6419\/revisions"}],"predecessor-version":[{"id":6449,"href":"https:\/\/eoihuesca.org\/index.php?rest_route=\/wp\/v2\/pages\/6419\/revisions\/6449"}],"up":[{"embeddable":true,"href":"https:\/\/eoihuesca.org\/index.php?rest_route=\/wp\/v2\/pages\/6408"}],"wp:attachment":[{"href":"https:\/\/eoihuesca.org\/index.php?rest_route=%2Fwp%2Fv2%2Fmedia&parent=6419"}],"curies":[{"name":"wp","href":"https:\/\/api.w.org\/{rel}","templated":true}]}}