{"id":5690,"date":"2021-11-24T17:33:55","date_gmt":"2021-11-24T16:33:55","guid":{"rendered":"http:\/\/eoihuesca.org\/?page_id=5690"},"modified":"2023-10-24T09:58:37","modified_gmt":"2023-10-24T07:58:37","slug":"solicitud-de-titulos","status":"publish","type":"page","link":"https:\/\/eoihuesca.org\/?page_id=5690","title":{"rendered":"Solicitud de t\u00edtulos"},"content":{"rendered":"\n<p>Para solicitar el t\u00edtulo de un nivel determinado, es necesario cumplimentar el formulario telem\u00e1ticamente y abonar la tasa correspondiente al nivel.<\/p>\n\n\n\n<p><strong>Debe presentarse la documentaci\u00f3n de solicitud de t\u00edtulos en la Secretar\u00eda del centro.<\/strong><\/p>\n\n\n\n<ul><li><a href=\"https:\/\/eoihuesca.org\/escuela\/instrucciones_solicitud_titulos.pdf\">Consultar instrucciones<\/a><\/li><li><a href=\"http:\/\/servicios3.aragon.es\/alq\/alq?dga_accion_app=mostrar_modelos&amp;sri_tasa=15&amp;denominacion=Tasa%2015.%20Tasa%20por%20servicios%20de%20expedici%F3n%20de%20titulos%20acad%E9micos%20y%20profesionales%20no%20universitarios\">Cumplimentar solicitud<\/a><\/li><\/ul>\n\n\n\n<p><\/p>\n","protected":false},"excerpt":{"rendered":"<p>Para solicitar el t\u00edtulo de un nivel determinado, es necesario cumplimentar el formulario telem\u00e1ticamente y abonar la tasa correspondiente al nivel. Debe presentarse la documentaci\u00f3n de solicitud de t\u00edtulos en la Secretar\u00eda del centro. Consultar instrucciones Cumplimentar solicitud<\/p>\n","protected":false},"author":5,"featured_media":0,"parent":11,"menu_order":6,"comment_status":"closed","ping_status":"closed","template":"","meta":[],"_links":{"self":[{"href":"https:\/\/eoihuesca.org\/index.php?rest_route=\/wp\/v2\/pages\/5690"}],"collection":[{"href":"https:\/\/eoihuesca.org\/index.php?rest_route=\/wp\/v2\/pages"}],"about":[{"href":"https:\/\/eoihuesca.org\/index.php?rest_route=\/wp\/v2\/types\/page"}],"author":[{"embeddable":true,"href":"https:\/\/eoihuesca.org\/index.php?rest_route=\/wp\/v2\/users\/5"}],"replies":[{"embeddable":true,"href":"https:\/\/eoihuesca.org\/index.php?rest_route=%2Fwp%2Fv2%2Fcomments&post=5690"}],"version-history":[{"count":6,"href":"https:\/\/eoihuesca.org\/index.php?rest_route=\/wp\/v2\/pages\/5690\/revisions"}],"predecessor-version":[{"id":6583,"href":"https:\/\/eoihuesca.org\/index.php?rest_route=\/wp\/v2\/pages\/5690\/revisions\/6583"}],"up":[{"embeddable":true,"href":"https:\/\/eoihuesca.org\/index.php?rest_route=\/wp\/v2\/pages\/11"}],"wp:attachment":[{"href":"https:\/\/eoihuesca.org\/index.php?rest_route=%2Fwp%2Fv2%2Fmedia&parent=5690"}],"curies":[{"name":"wp","href":"https:\/\/api.w.org\/{rel}","templated":true}]}}