{"id":5124,"date":"2020-09-24T16:16:44","date_gmt":"2020-09-24T14:16:44","guid":{"rendered":"http:\/\/eoihuesca.org\/?page_id=5124"},"modified":"2026-03-16T10:01:11","modified_gmt":"2026-03-16T09:01:11","slug":"evaluacion-normativa","status":"publish","type":"page","link":"https:\/\/eoihuesca.org\/?page_id=5124","title":{"rendered":"Gu\u00edas y Muestras"},"content":{"rendered":"\n<p><strong>DOCUMENTACI\u00d3N DE EVALUACI\u00d3N Y CERTIFICACI\u00d3N<\/strong><\/p>\n\n\n\n<ul><li><a href=\"https:\/\/educaragon-my.sharepoint.com\/:b:\/g\/personal\/eoihuesca_educa_aragon_es\/ESRd7hk7XrtFrTk8NJ7lqbYBluLt1DBJb_QuH9U-0nf8zw?e=MYkDGa\" target=\"_blank\" rel=\"noreferrer noopener\">Gu\u00eda informativa para el alumnado<\/a><\/li><li><a rel=\"noreferrer noopener\" href=\"https:\/\/educaragon-my.sharepoint.com\/:f:\/g\/personal\/eoihuesca_educa_aragon_es\/EmviYNMhsuVKtVpeVbYULB0BNMHIjy3gzclkH5mHP2F13Q?e=PBx0br\" target=\"_blank\">Especificaciones de examen por niveles<\/a><\/li><li><a rel=\"noreferrer noopener\" href=\"https:\/\/eoisaragon.catedu.es\/pruebas-de-certificacion\/tablas-de-evaluacion\/\" target=\"_blank\">Tablas de referencia para la calificaci\u00f3n<\/a><\/li><\/ul>\n\n\n\n<p><strong>MUESTRAS DE PRUEBAS DE CERTIFICACI\u00d3N<\/strong><\/p>\n\n\n\n<ul><li><a href=\"https:\/\/eoisaragon.catedu.es\/muestras-de-examenes\/\" data-type=\"URL\" data-id=\"https:\/\/eoisaragon.catedu.es\/muestras-de-examenes\/\" target=\"_blank\" rel=\"noreferrer noopener\">Muestras por idiomas y niveles<\/a><\/li><\/ul>\n\n\n\n<p><\/p>\n","protected":false},"excerpt":{"rendered":"<p>DOCUMENTACI\u00d3N DE EVALUACI\u00d3N Y CERTIFICACI\u00d3N Gu\u00eda informativa para el alumnado Especificaciones de examen por niveles Tablas de referencia para la calificaci\u00f3n MUESTRAS DE PRUEBAS DE CERTIFICACI\u00d3N Muestras por idiomas y niveles<\/p>\n","protected":false},"author":5,"featured_media":0,"parent":6408,"menu_order":3,"comment_status":"closed","ping_status":"closed","template":"","meta":[],"_links":{"self":[{"href":"https:\/\/eoihuesca.org\/index.php?rest_route=\/wp\/v2\/pages\/5124"}],"collection":[{"href":"https:\/\/eoihuesca.org\/index.php?rest_route=\/wp\/v2\/pages"}],"about":[{"href":"https:\/\/eoihuesca.org\/index.php?rest_route=\/wp\/v2\/types\/page"}],"author":[{"embeddable":true,"href":"https:\/\/eoihuesca.org\/index.php?rest_route=\/wp\/v2\/users\/5"}],"replies":[{"embeddable":true,"href":"https:\/\/eoihuesca.org\/index.php?rest_route=%2Fwp%2Fv2%2Fcomments&post=5124"}],"version-history":[{"count":34,"href":"https:\/\/eoihuesca.org\/index.php?rest_route=\/wp\/v2\/pages\/5124\/revisions"}],"predecessor-version":[{"id":7673,"href":"https:\/\/eoihuesca.org\/index.php?rest_route=\/wp\/v2\/pages\/5124\/revisions\/7673"}],"up":[{"embeddable":true,"href":"https:\/\/eoihuesca.org\/index.php?rest_route=\/wp\/v2\/pages\/6408"}],"wp:attachment":[{"href":"https:\/\/eoihuesca.org\/index.php?rest_route=%2Fwp%2Fv2%2Fmedia&parent=5124"}],"curies":[{"name":"wp","href":"https:\/\/api.w.org\/{rel}","templated":true}]}}