{"id":5014,"date":"2020-07-23T13:19:07","date_gmt":"2020-07-23T11:19:07","guid":{"rendered":"http:\/\/eoihuesca.org\/?page_id=5014"},"modified":"2023-07-18T10:37:10","modified_gmt":"2023-07-18T08:37:10","slug":"asistencia-a-examenes-2-2","status":"publish","type":"page","link":"https:\/\/eoihuesca.org\/?page_id=5014","title":{"rendered":"Embarazo, parto o aborto"},"content":{"rendered":"\n<ol type=\"1\"><li>Si alguna de las alumnas no pudiera realizar alguna prueba por encontrarse en situaci\u00f3n de baja por embarazo, parto o aborto, debidamente acreditada, y desea el aplazamiento de la misma, lo podr\u00e1 solicitar mediante escrito dirigido a la Direcci\u00f3n General competente en materia de ense\u00f1anzas de idiomas con anterioridad al momento de su realizaci\u00f3n, siempre que sea posible, adjuntando la correspondiente baja m\u00e9dica.<\/li><li>La realizaci\u00f3n de las pruebas aplazadas no podr\u00e1 demorarse m\u00e1s all\u00e1 de una semana despu\u00e9s de la \u00faltima fecha programada para la realizaci\u00f3n de la prueba de evaluaci\u00f3n o de certificaci\u00f3n.<\/li><li>Tras la valoraci\u00f3n de la situaci\u00f3n de cada solicitante, la Direcci\u00f3n General competente en materia de ense\u00f1anzas de idiomas de r\u00e9gimen especial, si procede, fijar\u00e1 la fecha y el lugar de realizaci\u00f3n de la misma, para la que se utilizar\u00e1 una prueba de reserva que ser\u00e1 diferente a la aplicada al resto del alumnado.<\/li><\/ol>\n","protected":false},"excerpt":{"rendered":"<p>Si alguna de las alumnas no pudiera realizar alguna prueba por encontrarse en situaci\u00f3n de baja por embarazo, parto o aborto, debidamente acreditada, y desea el aplazamiento de la misma, lo podr\u00e1 solicitar mediante escrito dirigido a la Direcci\u00f3n General competente en materia de ense\u00f1anzas de idiomas con anterioridad al momento de su realizaci\u00f3n, siempre [&hellip;]<\/p>\n","protected":false},"author":5,"featured_media":0,"parent":6408,"menu_order":6,"comment_status":"closed","ping_status":"closed","template":"","meta":[],"_links":{"self":[{"href":"https:\/\/eoihuesca.org\/index.php?rest_route=\/wp\/v2\/pages\/5014"}],"collection":[{"href":"https:\/\/eoihuesca.org\/index.php?rest_route=\/wp\/v2\/pages"}],"about":[{"href":"https:\/\/eoihuesca.org\/index.php?rest_route=\/wp\/v2\/types\/page"}],"author":[{"embeddable":true,"href":"https:\/\/eoihuesca.org\/index.php?rest_route=\/wp\/v2\/users\/5"}],"replies":[{"embeddable":true,"href":"https:\/\/eoihuesca.org\/index.php?rest_route=%2Fwp%2Fv2%2Fcomments&post=5014"}],"version-history":[{"count":1,"href":"https:\/\/eoihuesca.org\/index.php?rest_route=\/wp\/v2\/pages\/5014\/revisions"}],"predecessor-version":[{"id":5015,"href":"https:\/\/eoihuesca.org\/index.php?rest_route=\/wp\/v2\/pages\/5014\/revisions\/5015"}],"up":[{"embeddable":true,"href":"https:\/\/eoihuesca.org\/index.php?rest_route=\/wp\/v2\/pages\/6408"}],"wp:attachment":[{"href":"https:\/\/eoihuesca.org\/index.php?rest_route=%2Fwp%2Fv2%2Fmedia&parent=5014"}],"curies":[{"name":"wp","href":"https:\/\/api.w.org\/{rel}","templated":true}]}}