{"id":35,"date":"2013-01-05T20:30:51","date_gmt":"2013-01-05T19:30:51","guid":{"rendered":"http:\/\/eoihuesca.org\/?page_id=35"},"modified":"2025-07-10T11:54:16","modified_gmt":"2025-07-10T09:54:16","slug":"ampliacion-de-matricula","status":"publish","type":"page","link":"https:\/\/eoihuesca.org\/?page_id=35","title":{"rendered":"Ampliaci\u00f3n de permanencia"},"content":{"rendered":"<ul>\n<li>Las ense\u00f1anzas de idiomas se organizan en los niveles b\u00e1sico, intermedio B1 y B2, y avanzado C1 y C2. Cada uno de ellos se organiza en un solo curso, excepto B2 y C1 que se organizan en dos cursos (1\u00ba y 2\u00ba).<\/li>\n<li>Para superar cada curso, el alumnado dispondr\u00e1 de dos convocatorias anuales, una ordinaria que se celebrar\u00e1 en el mes de junio y otra extraordinaria que tendr\u00e1 lugar en el mes de septiembre.<\/li>\n<li>El l\u00edmite de permanencia en el idioma correspondiente ser\u00e1 el siguiente:\n<ul>\n<li>dos a\u00f1os para los niveles A1, A2, B1 y C2<\/li>\n<li>cuatro a\u00f1os para los niveles B2 y C1:\n<ol>\n<li>cuando un alumno o alumna se incorpore en el primer curso de este nivel, podr\u00e1 permanecer en el mismo durante uno, dos o tres cursos escolares. Si decidiese permanecer en este primer curso durante cuatro a\u00f1os, perder\u00eda el derecho de matr\u00edcula como alumnado oficial para el segundo curso al haber alcanzado el l\u00edmite de permanencia establecido.<\/li>\n<li>el alumnado que supere el primer curso en un solo a\u00f1o acad\u00e9mico dispondr\u00e1 de hasta tres a\u00f1os para superar el segundo curso, hasta completar los cuatro a los que tiene derecho.<\/li>\n<li>el alumnado que se incorpore a los cursos B2.2 o C1.2 dispondr\u00e1 de dos a\u00f1os para superar las ense\u00f1anzas de dicho nivel.<\/li>\n<\/ol>\n<\/li>\n<\/ul>\n<\/li>\n<li>Cuando se haya agotado el l\u00edmite de permanencia en un idioma y nivel, el alumnado podr\u00e1 solicitar la ampliaci\u00f3n de un curso m\u00e1s siempre que exista causa debidamente justificada, que hubiera impedido el normal desarrollo de los estudios. Estas causas son las mismas que justifican las faltas de asistencia (<a href=\"https:\/\/eoihuesca.org\/escuela\/causas_documentos.pdf\">causas a-f<\/a>).<\/li>\n<li>El alumnado presentar\u00e1 la solicitud seg\u00fan modelo disponible en conserjer\u00eda o la p\u00e1gina web del centro, dirigida al director o directora de la escuela que ser\u00e1 quien resuelva. En caso de que esta Resoluci\u00f3n fuera negativa, podr\u00e1 recurrirse en alzada al director o directora del Servicio Provincial competente en materia de educaci\u00f3n.<\/li>\n<li>La solicitud de ampliaci\u00f3n de la permanencia en estas ense\u00f1anzas se podr\u00e1 realizar una \u00fanica vez por idioma y nivel y se conceder\u00e1 para el curso acad\u00e9mico siguiente al de haber agotado el l\u00edmite de permanencia.<\/li>\n<li><a href=\"https:\/\/eoihuesca.org\/impresos\/anexoVIII_permanencia.pdf\">Impreso de solicitud<\/a><\/li>\n<\/ul>\n<ul>\n<li style=\"list-style-type: none;\"><\/li>\n<\/ul>\n","protected":false},"excerpt":{"rendered":"<p>Las ense\u00f1anzas de idiomas se organizan en los niveles b\u00e1sico, intermedio B1 y B2, y avanzado C1 y C2. Cada uno de ellos se organiza en un solo curso, excepto B2 y C1 que se organizan en dos cursos (1\u00ba y 2\u00ba). Para superar cada curso, el alumnado dispondr\u00e1 de dos convocatorias anuales, una ordinaria [&hellip;]<\/p>\n","protected":false},"author":5,"featured_media":0,"parent":13,"menu_order":5,"comment_status":"closed","ping_status":"closed","template":"","meta":[],"_links":{"self":[{"href":"https:\/\/eoihuesca.org\/index.php?rest_route=\/wp\/v2\/pages\/35"}],"collection":[{"href":"https:\/\/eoihuesca.org\/index.php?rest_route=\/wp\/v2\/pages"}],"about":[{"href":"https:\/\/eoihuesca.org\/index.php?rest_route=\/wp\/v2\/types\/page"}],"author":[{"embeddable":true,"href":"https:\/\/eoihuesca.org\/index.php?rest_route=\/wp\/v2\/users\/5"}],"replies":[{"embeddable":true,"href":"https:\/\/eoihuesca.org\/index.php?rest_route=%2Fwp%2Fv2%2Fcomments&post=35"}],"version-history":[{"count":18,"href":"https:\/\/eoihuesca.org\/index.php?rest_route=\/wp\/v2\/pages\/35\/revisions"}],"predecessor-version":[{"id":7248,"href":"https:\/\/eoihuesca.org\/index.php?rest_route=\/wp\/v2\/pages\/35\/revisions\/7248"}],"up":[{"embeddable":true,"href":"https:\/\/eoihuesca.org\/index.php?rest_route=\/wp\/v2\/pages\/13"}],"wp:attachment":[{"href":"https:\/\/eoihuesca.org\/index.php?rest_route=%2Fwp%2Fv2%2Fmedia&parent=35"}],"curies":[{"name":"wp","href":"https:\/\/api.w.org\/{rel}","templated":true}]}}