{"id":11,"date":"2013-01-05T20:24:40","date_gmt":"2013-01-05T19:24:40","guid":{"rendered":"http:\/\/eoihuesca.org\/?page_id=11"},"modified":"2021-06-30T13:20:47","modified_gmt":"2021-06-30T11:20:47","slug":"secretaria","status":"publish","type":"page","link":"https:\/\/eoihuesca.org\/?page_id=11","title":{"rendered":"Secretar\u00eda"},"content":{"rendered":"<p>Horario de Secretar\u00eda: lunes a viernes, de 9:00 a 14:00<\/p>\n<ul>\n<li>Admisi\u00f3n:\n<ul>\n<li><a title=\"Pruebas de clasificaci\u00f3n\" href=\"https:\/\/eoihuesca.org\/?page_id=78\">Pruebas de clasificaci\u00f3n<\/a><\/li>\n<li><a title=\"Solicitudes de admisi\u00f3n\" href=\"https:\/\/eoihuesca.org\/?page_id=80\">Solicitudes de admisi\u00f3n<\/a><\/li>\n<li><a title=\"Adjudicaci\u00f3n de plazas\" href=\"https:\/\/eoihuesca.org\/?page_id=203\">Adjudicaci\u00f3n de plazas<\/a><\/li>\n<\/ul>\n<\/li>\n<li>Matriculaci\u00f3n:\n<ul>\n<li><a title=\"Ense\u00f1anza oficial\" href=\"https:\/\/eoihuesca.org\/?page_id=43\">Ense\u00f1anza oficial<\/a><\/li>\n<li><a title=\"Ense\u00f1anza libre\" href=\"https:\/\/eoihuesca.org\/?page_id=45\">Ense\u00f1anza libre<\/a><\/li>\n<\/ul>\n<\/li>\n<li><a title=\"Impresos\" href=\"https:\/\/eoihuesca.org\/?page_id=37\">Impresos<\/a><\/li>\n<\/ul>\n","protected":false},"excerpt":{"rendered":"<p>Horario de Secretar\u00eda: lunes a viernes, de 9:00 a 14:00 Admisi\u00f3n: Pruebas de clasificaci\u00f3n Solicitudes de admisi\u00f3n Adjudicaci\u00f3n de plazas Matriculaci\u00f3n: Ense\u00f1anza oficial Ense\u00f1anza libre Impresos<\/p>\n","protected":false},"author":5,"featured_media":0,"parent":0,"menu_order":2,"comment_status":"closed","ping_status":"closed","template":"","meta":[],"_links":{"self":[{"href":"https:\/\/eoihuesca.org\/index.php?rest_route=\/wp\/v2\/pages\/11"}],"collection":[{"href":"https:\/\/eoihuesca.org\/index.php?rest_route=\/wp\/v2\/pages"}],"about":[{"href":"https:\/\/eoihuesca.org\/index.php?rest_route=\/wp\/v2\/types\/page"}],"author":[{"embeddable":true,"href":"https:\/\/eoihuesca.org\/index.php?rest_route=\/wp\/v2\/users\/5"}],"replies":[{"embeddable":true,"href":"https:\/\/eoihuesca.org\/index.php?rest_route=%2Fwp%2Fv2%2Fcomments&post=11"}],"version-history":[{"count":11,"href":"https:\/\/eoihuesca.org\/index.php?rest_route=\/wp\/v2\/pages\/11\/revisions"}],"predecessor-version":[{"id":5527,"href":"https:\/\/eoihuesca.org\/index.php?rest_route=\/wp\/v2\/pages\/11\/revisions\/5527"}],"wp:attachment":[{"href":"https:\/\/eoihuesca.org\/index.php?rest_route=%2Fwp%2Fv2%2Fmedia&parent=11"}],"curies":[{"name":"wp","href":"https:\/\/api.w.org\/{rel}","templated":true}]}}